{"id":221,"date":"2018-02-28T13:52:51","date_gmt":"2018-02-28T13:52:51","guid":{"rendered":"http:\/\/bridge171.qodeinteractive.com\/?page_id=5"},"modified":"2023-05-30T15:21:44","modified_gmt":"2023-05-30T15:21:44","slug":"home-2","status":"publish","type":"page","link":"https:\/\/hairgearclub.com\/2022\/","title":{"rendered":"Home"},"content":{"rendered":"<p>[vc_row css_animation=&#8221;&#8221; row_type=&#8221;row&#8221; use_row_as_full_screen_section=&#8221;no&#8221; type=&#8221;full_width&#8221; angled_section=&#8221;no&#8221; text_align=&#8221;left&#8221; background_image_as_pattern=&#8221;without_pattern&#8221; css=&#8221;.vc_custom_1519895299217{background-color: #212121 !important;}&#8221; z_index=&#8221;&#8221;][vc_column][rev_slider_vc alias=&#8221;home&#8221;][\/vc_column][\/vc_row][vc_row css_animation=&#8221;&#8221; row_type=&#8221;row&#8221; use_row_as_full_screen_section=&#8221;no&#8221; type=&#8221;grid&#8221; angled_section=&#8221;no&#8221; text_align=&#8221;left&#8221; background_image_as_pattern=&#8221;without_pattern&#8221; z_index=&#8221;&#8221; css=&#8221;.vc_custom_1519894366980{background-color: #ffffff !important;}&#8221;][vc_column css=&#8221;.vc_custom_1519894325851{margin-top: -115px !important;}&#8221;][qode_elements_holder number_of_columns=&#8221;three_columns&#8221;][qode_elements_holder_item horizontal_alignment=&#8221;left&#8221; advanced_animations=&#8221;no&#8221; background_color=&#8221;#f3f1ed&#8221; item_padding=&#8221;12% 13%&#8221;][vc_column_text]<\/p>\n<h2>Contattaci<\/h2>\n<p>[\/vc_column_text][vc_empty_space height=&#8221;28px&#8221;][vc_column_text]<\/p>\n<h5><span style=\"color: #ca9b5c;\">Lorenzo: 334 125 0535<br \/>\nCristiano: 334 940 2482<\/span><\/h5>\n<p>[\/vc_column_text][\/qode_elements_holder_item][qode_elements_holder_item horizontal_alignment=&#8221;left&#8221; advanced_animations=&#8221;no&#8221; background_color=&#8221;#68645e&#8221; item_padding=&#8221;12% 13%&#8221;][vc_column_text]<\/p>\n<h2><span style=\"color: #ffffff;\">Indirizzo:<\/span><\/h2>\n<p>[\/vc_column_text][vc_empty_space height=&#8221;28px&#8221;][vc_column_text]<span style=\"color: #c9c9c8;\">Via Polese 44A,<br \/>\n40121 &#8211; Bologna<br \/>\n<\/span>[\/vc_column_text][\/qode_elements_holder_item][qode_elements_holder_item horizontal_alignment=&#8221;left&#8221; advanced_animations=&#8221;no&#8221; background_color=&#8221;#43403b&#8221; item_padding=&#8221;12% 13%&#8221;][vc_column_text]<\/p>\n<h2><span style=\"color: #ffffff;\">Orario:<\/span><\/h2>\n<p>[\/vc_column_text][vc_empty_space height=&#8221;28px&#8221;][vc_column_text]<span style=\"color: #c9c9c8;\">Da Marted\u00ec a Venerd\u00ec 7,00 &#8211; 18,00<br \/>\nSabato: 7,00 &#8211; 14,00<br \/>\nDomenica e Luned\u00ec : Bona l\u00e8<\/span>[\/vc_column_text][\/qode_elements_holder_item][\/qode_elements_holder][\/vc_column][\/vc_row][vc_row css_animation=&#8221;&#8221; row_type=&#8221;row&#8221; use_row_as_full_screen_section=&#8221;no&#8221; type=&#8221;grid&#8221; angled_section=&#8221;no&#8221; text_align=&#8221;center&#8221; background_image_as_pattern=&#8221;without_pattern&#8221; z_index=&#8221;&#8221; css=&#8221;.vc_custom_1519916821331{padding-bottom: 180px !important;background-image: url(http:\/\/bridge171.qodeinteractive.com\/wp-content\/uploads\/2018\/03\/home-background-img-1.jpg?id=115) !important;background-position: center !important;background-repeat: no-repeat !important;background-size: cover !important;}&#8221;][vc_column][vc_row_inner row_type=&#8221;row&#8221; type=&#8221;full_width&#8221; text_align=&#8221;left&#8221; css_animation=&#8221;&#8221; css=&#8221;.vc_custom_1519915842367{padding-top: 110px !important;padding-bottom: 80px !important;}&#8221;][vc_column_inner width=&#8221;1\/2&#8243; offset=&#8221;vc_col-md-3&#8243;]<div class='q_icon_with_title tiny custom_icon_image center '><div class=\"icon_holder \" style=\" \"><img decoding=\"async\" itemprop=\"image\" style=\"\" src=\"https:\/\/hairgearclub.com\/2022\/wp-content\/uploads\/2018\/02\/home-custom-icon-3.png\" alt=\"\"><\/div><div class=\"icon_text_holder\" style=\"\"><div class=\"icon_text_inner\" style=\"\"><h5 class=\"icon_title\" style=\"\">Barba<\/h5><p style=''>La Barba non \u00e8 solo moda, \u00e8 stile, personalit\u00e0, eleganza. Per ogni persona sappiamo adattare forma e lunghezza, utilizzando ogni accorgimento affinch\u00e8 il taglio diventi un'esperienza di piacere<\/p><\/div><\/div><\/div>[vc_empty_space height=&#8221;40px&#8221;][\/vc_column_inner][vc_column_inner width=&#8221;1\/2&#8243; offset=&#8221;vc_col-md-3&#8243;]<div class='q_icon_with_title tiny custom_icon_image center '><div class=\"icon_holder \" style=\" \"><img decoding=\"async\" itemprop=\"image\" style=\"\" src=\"https:\/\/hairgearclub.com\/2022\/wp-content\/uploads\/2018\/02\/home-custom-icon-2.png\" alt=\"\"><\/div><div class=\"icon_text_holder\" style=\"\"><div class=\"icon_text_inner\" style=\"\"><h5 class=\"icon_title\" style=\"\">Capelli<\/h5><p style=''>La perfezione non appartiene a questo mondo, ma Lorenzo e Cristiano ci si avvicinano di molto, non temere a fare le tue richieste, stile italiano, hipster, undercut, roker, ribelle, sono i nostri cavalli di battaglia<\/p><\/div><\/div><\/div>[vc_empty_space height=&#8221;40px&#8221;][\/vc_column_inner][vc_column_inner width=&#8221;1\/2&#8243; offset=&#8221;vc_col-md-3&#8243;]<div class='q_icon_with_title tiny custom_icon_image center '><div class=\"icon_holder \" style=\" \"><img decoding=\"async\" itemprop=\"image\" style=\"\" src=\"https:\/\/hairgearclub.com\/2022\/wp-content\/uploads\/2018\/02\/home-custom-icon-4.png\" alt=\"\"><\/div><div class=\"icon_text_holder\" style=\"\"><div class=\"icon_text_inner\" style=\"\"><h5 class=\"icon_title\" style=\"\">Femminilit\u00e0<\/h5><p style=''>Ogni Donna \u00e8 un'espressione a se stante. I Ragazzi del Club sapranno esaudire ogni desiderio di voi Donne dalle mille esigenze: colore, ricci, capelli lisci, scalature meches e nuances non hanno segreti per noi!<\/p><\/div><\/div><\/div>[vc_empty_space height=&#8221;40px&#8221;][\/vc_column_inner][vc_column_inner width=&#8221;1\/2&#8243; offset=&#8221;vc_col-md-3&#8243;]<div class='q_icon_with_title tiny custom_icon_image center '><div class=\"icon_holder \" style=\" \"><img decoding=\"async\" itemprop=\"image\" style=\"\" src=\"https:\/\/hairgearclub.com\/2022\/wp-content\/uploads\/2018\/02\/home-custom-icon-1.png\" alt=\"\"><\/div><div class=\"icon_text_holder\" style=\"\"><div class=\"icon_text_inner\" style=\"\"><h5 class=\"icon_title\" style=\"\">Qualit\u00e0 e Ricerca<\/h5><p style=''>Da sempre l'utilizzo di strumenti sia classici che innovativi \u00e8 un elemento per la ricerca della qualit\u00e0<\/p><\/div><\/div><\/div>[vc_empty_space height=&#8221;40px&#8221;][\/vc_column_inner][\/vc_row_inner][qode_elements_holder number_of_columns=&#8221;two_columns&#8221;][qode_elements_holder_item cover=&#8221;yes&#8221; advanced_animations=&#8221;no&#8221; background_image=&#8221;18&#8243; item_padding_600_768=&#8221;475px 0px 0px&#8221; item_padding_480_600=&#8221;475px 0px 0px&#8221; item_padding_480=&#8221;475px 0px 0px&#8221;][\/qode_elements_holder_item][qode_elements_holder_item horizontal_alignment=&#8221;left&#8221; advanced_animations=&#8221;no&#8221; background_color=&#8221;#ffffff&#8221; item_padding=&#8221;14% 15%&#8221; custom_class=&#8221;eh-shadow&#8221;]<div class=\"qode-advanced-pricing-list\">\n\t<div class=\"qode-apl-header\">\n\t\t<div class=\"qode-apl-title-holder\">\n\t\t\t<h2 class=\"qode-apl-title\" >\n\t\t\t\tTrattamento Uomo\t\t\t<\/h2>\n\t\t<\/div>\n\t<\/div>\n\t<div class=\"qode-apl-items\">\n\t\t\t\t\t<div class=\"qode-apl-item\">\n\t\t\t\t<div class=\"qode-apl-item-top\">\n\t\t\t\t\t<h4 class=\"qode-apl-item-title\" style=\"color:#7a7a79\">\n\t\t\t\t\t\tTaglio Capelli\t\t\t\t\t<\/h4>\n\t\t\t\t\t<div class=\"qode-apl-line\" style=\"border-style:dotted;border-color:#7a7a79\"><\/div>\n\t\t\t\t\t<h4 class=\"qode-apl-item-price\" style=\"color:#7a7a79\">\n\t\t\t\t\t\t20\/25\t\t\t\t\t<\/h4>\n\t\t\t\t<\/div>\n\t\t\t\t\t\t\t\t\t<div class=\"qode-apl-item-bottom\">\n\t\t\t\t\t\t<div class=\"qode-apl-item-description\" >\n\t\t\t\t\t\t\tShampoo pre taglio - Taglio - Secondo shampo\t\t\t\t\t\t<\/div>\n\t\t\t\t\t<\/div>\n\t\t\t\t\t\t\t<\/div>\n\t\t\t\t\t<div class=\"qode-apl-item\">\n\t\t\t\t<div class=\"qode-apl-item-top\">\n\t\t\t\t\t<h4 class=\"qode-apl-item-title\" style=\"color:#7a7a79\">\n\t\t\t\t\t\tTaglio barba\t\t\t\t\t<\/h4>\n\t\t\t\t\t<div class=\"qode-apl-line\" style=\"border-style:dotted;border-color:#7a7a79\"><\/div>\n\t\t\t\t\t<h4 class=\"qode-apl-item-price\" style=\"color:#7a7a79\">\n\t\t\t\t\t\t20\/25\t\t\t\t\t<\/h4>\n\t\t\t\t<\/div>\n\t\t\t\t\t\t\t\t\t<div class=\"qode-apl-item-bottom\">\n\t\t\t\t\t\t<div class=\"qode-apl-item-description\" >\n\t\t\t\t\t\t\tTrattamento con 2 panni caldi e uno freddo\t\t\t\t\t\t<\/div>\n\t\t\t\t\t<\/div>\n\t\t\t\t\t\t\t<\/div>\n\t\t\t<\/div>\n<\/div>[vc_empty_space height=&#8221;43px&#8221;][\/qode_elements_holder_item][\/qode_elements_holder][qode_elements_holder number_of_columns=&#8221;two_columns&#8221;][qode_elements_holder_item horizontal_alignment=&#8221;left&#8221; advanced_animations=&#8221;no&#8221; background_color=&#8221;#ffffff&#8221; item_padding=&#8221;14% 15%&#8221;]<div class=\"qode-advanced-pricing-list\">\n\t<div class=\"qode-apl-header\">\n\t\t<div class=\"qode-apl-title-holder\">\n\t\t\t<h2 class=\"qode-apl-title\" >\n\t\t\t\tTrattamento femminile\t\t\t<\/h2>\n\t\t<\/div>\n\t<\/div>\n\t<div class=\"qode-apl-items\">\n\t\t\t\t\t<div class=\"qode-apl-item\">\n\t\t\t\t<div class=\"qode-apl-item-top\">\n\t\t\t\t\t<h4 class=\"qode-apl-item-title\" style=\"color:#7a7a79\">\n\t\t\t\t\t\tTaglio - Piega\t\t\t\t\t<\/h4>\n\t\t\t\t\t<div class=\"qode-apl-line\" style=\"border-style:dotted;border-color:#7a7a79\"><\/div>\n\t\t\t\t\t<h4 class=\"qode-apl-item-price\" style=\"color:#7a7a79\">\n\t\t\t\t\t\tda 49 a 69\t\t\t\t\t<\/h4>\n\t\t\t\t<\/div>\n\t\t\t\t\t\t\t\t\t<div class=\"qode-apl-item-bottom\">\n\t\t\t\t\t\t<div class=\"qode-apl-item-description\" >\n\t\t\t\t\t\t\tCura e precisione nello stile\t\t\t\t\t\t<\/div>\n\t\t\t\t\t<\/div>\n\t\t\t\t\t\t\t<\/div>\n\t\t\t\t\t<div class=\"qode-apl-item\">\n\t\t\t\t<div class=\"qode-apl-item-top\">\n\t\t\t\t\t<h4 class=\"qode-apl-item-title\" style=\"color:#7a7a79\">\n\t\t\t\t\t\tColore\t\t\t\t\t<\/h4>\n\t\t\t\t\t<div class=\"qode-apl-line\" style=\"border-style:dotted;border-color:#7a7a79\"><\/div>\n\t\t\t\t\t<h4 class=\"qode-apl-item-price\" style=\"color:#7a7a79\">\n\t\t\t\t\t\tDa 49 a 69\t\t\t\t\t<\/h4>\n\t\t\t\t<\/div>\n\t\t\t\t\t\t\t\t\t<div class=\"qode-apl-item-bottom\">\n\t\t\t\t\t\t<div class=\"qode-apl-item-description\" >\n\t\t\t\t\t\t\tProdotti selezionati di alta qualit\u00e0\t\t\t\t\t\t<\/div>\n\t\t\t\t\t<\/div>\n\t\t\t\t\t\t\t<\/div>\n\t\t\t<\/div>\n<\/div>[vc_empty_space height=&#8221;43px&#8221;][\/qode_elements_holder_item][qode_elements_holder_item cover=&#8221;yes&#8221; advanced_animations=&#8221;no&#8221; background_image=&#8221;140&#8243; item_padding_600_768=&#8221;475px 0px 0px&#8221; item_padding_480_600=&#8221;475px 0px 0px&#8221; item_padding_480=&#8221;475px 0px 0px&#8221; custom_class=&#8221;eh-shadow&#8221;][\/qode_elements_holder_item][\/qode_elements_holder][\/vc_column][\/vc_row][vc_row row_type=&#8221;parallax&#8221; header_style=&#8221;dark&#8221; parallax_content_width=&#8221;full_width&#8221; text_align=&#8221;center&#8221; full_screen_section_height=&#8221;yes&#8221; vertically_align_content_in_middle=&#8221;yes&#8221; css=&#8221;.vc_custom_1652094505739{background-color: #000000 !important;}&#8221;][vc_column parallax=&#8221;content-moving&#8221; parallax_image=&#8221;118&#8243; parallax_speed_bg=&#8221;&#8221;][qode_elements_holder background_color=&#8221;#000000&#8243; number_of_columns=&#8221;one_column&#8221;][qode_elements_holder_item horizontal_alignment=&#8221;center&#8221; advanced_animations=&#8221;yes&#8221; start_position=&#8221;center&#8221; end_position=&#8221;center&#8221; item_padding=&#8221;140px 0px 220px&#8221;][vc_column_text]<\/p>\n<h1 style=\"text-align: center;\"><span style=\"color: #ffffff;\">I nostri artisti<\/span><\/h1>\n<p>[\/vc_column_text][vc_row_inner row_type=&#8221;row&#8221; type=&#8221;full_width&#8221; text_align=&#8221;center&#8221; css_animation=&#8221;&#8221; css=&#8221;.vc_custom_1652094799016{padding-top: 72px !important;padding-left: 50px !important;}&#8221;][vc_column_inner width=&#8221;1\/4&#8243; offset=&#8221;vc_col-md-3&#8243;][\/vc_column_inner][vc_column_inner width=&#8221;1\/4&#8243;]<div class='q_team info_description_below_image' style='background-color:rgba(255,255,255,0.01);'><div class='q_team_inner'><div class='q_team_image'><div class='q_team_image_holder'><img itemprop='image' src='https:\/\/hairgearclub.com\/2022\/wp-content\/uploads\/2022\/05\/lorenzo.jpg' alt='lorenzo' \/><\/div><div class='q_team_text' ><div class='q_team_text_inner'><div class='q_team_title_holder'><h2 class='q_team_name' style = 'color: #ffffff;'>Lorenzo<\/h2><\/div><div class='q_team_description_below_image_wrapper'><div class='q_team_description'><div class='q_team_description_inner'><p>Anni di esperienza e una tradizione di famiglia<\/p><\/div><\/div><\/div><\/div><\/div><div class='q_team_social_holder'><span class='q_social_icon_holder normal_social' data-color=#ffffff ><a itemprop='url' href='https:\/\/www.facebook.com\/cashonor' target='_blank'><i class=\"qode_icon_font_awesome fa fa-facebook fa-2x simple_social\" style=\"color: #ffffff;\" ><\/i><\/a><\/span><\/div><\/div><\/div><\/div>[vc_empty_space height=&#8221;40px&#8221;][\/vc_column_inner][vc_column_inner width=&#8221;1\/4&#8243; css=&#8221;.vc_custom_1652094626496{padding-right: 10px !important;padding-left: 10px !important;}&#8221;]<div class='q_team info_description_below_image' style='background-color:rgba(255,255,255,0.01);'><div class='q_team_inner'><div class='q_team_image'><div class='q_team_image_holder'><img itemprop='image' src='https:\/\/hairgearclub.com\/2022\/wp-content\/uploads\/2022\/05\/cristiano.jpg' alt='cristiano' \/><\/div><div class='q_team_text' ><div class='q_team_text_inner'><div class='q_team_title_holder'><h2 class='q_team_name' style = 'color: #ffffff;'>Cristiano<\/h2><\/div><div class='q_team_description_below_image_wrapper'><div class='q_team_description'><div class='q_team_description_inner'><p>Precisione nel taglio e barbe da spettacolo<\/p><\/div><\/div><\/div><\/div><\/div><div class='q_team_social_holder'><span class='q_social_icon_holder normal_social' data-color=#ffffff ><a itemprop='url' href='https:\/\/www.facebook.com\/cristiano.pizzimenti' target='_blank'><i class=\"qode_icon_font_awesome fa fa-facebook fa-2x simple_social\" style=\"color: #ffffff;\" ><\/i><\/a><\/span><\/div><\/div><\/div><\/div>[vc_empty_space height=&#8221;40px&#8221;][\/vc_column_inner][vc_column_inner width=&#8221;1\/4&#8243;][\/vc_column_inner][\/vc_row_inner][\/qode_elements_holder_item][\/qode_elements_holder][\/vc_column][\/vc_row][vc_row css_animation=&#8221;&#8221; row_type=&#8221;row&#8221; use_row_as_full_screen_section=&#8221;no&#8221; type=&#8221;grid&#8221; angled_section=&#8221;no&#8221; text_align=&#8221;center&#8221; background_image_as_pattern=&#8221;without_pattern&#8221; css=&#8221;.vc_custom_1519912556997{background-color: #f3f1ed !important;}&#8221; z_index=&#8221;&#8221;][vc_column css=&#8221;.vc_custom_1519912644256{padding-top: 230px !important;padding-bottom: 100px !important;}&#8221;][vc_single_image image=&#8221;87&#8243; img_size=&#8221;full&#8221; alignment=&#8221;center&#8221; qode_css_animation=&#8221;&#8221;][qode_elements_holder number_of_columns=&#8221;one_column&#8221;][qode_elements_holder_item advanced_animations=&#8221;no&#8221; item_padding=&#8221;0px 5%&#8221; item_padding_768_1024=&#8221;0px&#8221; item_padding_600_768=&#8221;0px&#8221; item_padding_480_600=&#8221;0px&#8221; item_padding_480=&#8221;0px&#8221;]<div class='testimonials_c_holder clearfix dark'><div class=\"testimonials_c testimonials_c_carousel\" data-show-navigation=\"yes\" data-animation-speed=\"\" data-auto-rotate-slides=\"3\" data-number-per-slide=\"1\"><ul class=\"slides\"><li id=\"testimonials-c-99\" class=\"testimonial_content\"><div class=\"testimonial_content_inner\"><div class=\"testimonial_text_holder\"><div class=\"testimonial_text_inner\" style=\"color: #8c8b8b;\"><p style='font-size:20px;color:#8c8b8b;'>Una FUSIONE tra tradizione, avanguardia e un pizzico di follia che contraddistingue un vero artista,la passione per il suo lavoro esce immediatamente !<\/p><p class=\"testimonial_author\" style=\"color: #8c8b8b;font-weight: 600;color: #484540;font-size: 18px;\">-Gianpaolo Borgatti<\/p><\/div><\/div><\/div><\/li><li id=\"testimonials-c-85\" class=\"testimonial_content\"><div class=\"testimonial_content_inner\"><div class=\"testimonial_text_holder\"><div class=\"testimonial_text_inner\" style=\"color: #8c8b8b;\"><p style='font-size:20px;color:#8c8b8b;'>Cash \u00e8 un poeta, e la poesia purtroppo non \u00e8 sempre compresa da tutti. Se volete solo tagliarvi i capelli andate da un barbiere, se invece avete voglia di migliorarvi allora questo \u00e8 il posto giusto. Ciao rockers!<\/p><p class=\"testimonial_author\" style=\"color: #8c8b8b;font-weight: 600;color: #484540;font-size: 18px;\">-Dario Ghiggi<\/p><\/div><\/div><\/div><\/li><li id=\"testimonials-c-81\" class=\"testimonial_content\"><div class=\"testimonial_content_inner\"><div class=\"testimonial_text_holder\"><div class=\"testimonial_text_inner\" style=\"color: #8c8b8b;\"><p style='font-size:20px;color:#8c8b8b;'>Eleganza alternativa, professionalit\u00e0 controtendenza, taglio e barba da 10 e lode. Una garanzia diventata impagabile e insostituibile  abitudine!<\/p><p class=\"testimonial_author\" style=\"color: #8c8b8b;font-weight: 600;color: #484540;font-size: 18px;\">-Massimo Pandolfi<\/p><\/div><\/div><\/div><\/li><\/ul><\/div><\/div>[\/qode_elements_holder_item][\/qode_elements_holder][\/vc_column][\/vc_row]<\/p>\n","protected":false},"excerpt":{"rendered":"<p>[vc_row css_animation=&#8221;&#8221; row_type=&#8221;row&#8221; use_row_as_full_screen_section=&#8221;no&#8221; type=&#8221;full_width&#8221; angled_section=&#8221;no&#8221; text_align=&#8221;left&#8221; background_image_as_pattern=&#8221;without_pattern&#8221; css=&#8221;.vc_custom_1519895299217{background-color: #212121 !important;}&#8221; z_index=&#8221;&#8221;][vc_column][rev_slider_vc alias=&#8221;home&#8221;][\/vc_column][\/vc_row][vc_row css_animation=&#8221;&#8221; row_type=&#8221;row&#8221; use_row_as_full_screen_section=&#8221;no&#8221; type=&#8221;grid&#8221; angled_section=&#8221;no&#8221; text_align=&#8221;left&#8221; background_image_as_pattern=&#8221;without_pattern&#8221; z_index=&#8221;&#8221; css=&#8221;.vc_custom_1519894366980{background-color: #ffffff !important;}&#8221;][vc_column css=&#8221;.vc_custom_1519894325851{margin-top: -115px !important;}&#8221;][qode_elements_holder number_of_columns=&#8221;three_columns&#8221;][qode_elements_holder_item horizontal_alignment=&#8221;left&#8221; advanced_animations=&#8221;no&#8221; background_color=&#8221;#f3f1ed&#8221; item_padding=&#8221;12% 13%&#8221;][vc_column_text] Contattaci [\/vc_column_text][vc_empty_space height=&#8221;28px&#8221;][vc_column_text] Lorenzo: 334 125 0535 Cristiano: 334 940 2482 [\/vc_column_text][\/qode_elements_holder_item][qode_elements_holder_item&#8230;<\/p>\n","protected":false},"author":1,"featured_media":0,"parent":0,"menu_order":0,"comment_status":"closed","ping_status":"closed","template":"full_width.php","meta":{"footnotes":""},"class_list":["post-221","page","type-page","status-publish","hentry"],"_links":{"self":[{"href":"https:\/\/hairgearclub.com\/2022\/wp-json\/wp\/v2\/pages\/221","targetHints":{"allow":["GET"]}}],"collection":[{"href":"https:\/\/hairgearclub.com\/2022\/wp-json\/wp\/v2\/pages"}],"about":[{"href":"https:\/\/hairgearclub.com\/2022\/wp-json\/wp\/v2\/types\/page"}],"author":[{"embeddable":true,"href":"https:\/\/hairgearclub.com\/2022\/wp-json\/wp\/v2\/users\/1"}],"replies":[{"embeddable":true,"href":"https:\/\/hairgearclub.com\/2022\/wp-json\/wp\/v2\/comments?post=221"}],"version-history":[{"count":13,"href":"https:\/\/hairgearclub.com\/2022\/wp-json\/wp\/v2\/pages\/221\/revisions"}],"predecessor-version":[{"id":258,"href":"https:\/\/hairgearclub.com\/2022\/wp-json\/wp\/v2\/pages\/221\/revisions\/258"}],"wp:attachment":[{"href":"https:\/\/hairgearclub.com\/2022\/wp-json\/wp\/v2\/media?parent=221"}],"curies":[{"name":"wp","href":"https:\/\/api.w.org\/{rel}","templated":true}]}}