{"id":109,"date":"2018-03-01T15:54:35","date_gmt":"2018-03-01T15:54:35","guid":{"rendered":"http:\/\/bridge171.qodeinteractive.com\/?page_id=109"},"modified":"2022-05-23T08:34:12","modified_gmt":"2022-05-23T08:34:12","slug":"about","status":"publish","type":"page","link":"https:\/\/hairgearclub.com\/2022\/about\/","title":{"rendered":"Chi Siamo"},"content":{"rendered":"<p>[vc_row css_animation=&#8221;&#8221; row_type=&#8221;row&#8221; use_row_as_full_screen_section=&#8221;no&#8221; type=&#8221;grid&#8221; angled_section=&#8221;no&#8221; text_align=&#8221;left&#8221; background_image_as_pattern=&#8221;without_pattern&#8221; z_index=&#8221;&#8221; css=&#8221;.vc_custom_1519920169399{padding-top: 115px !important;padding-bottom: 115px !important;}&#8221;][vc_column width=&#8221;1\/2&#8243; css=&#8221;.vc_custom_1519920220059{padding-right: 8% !important;}&#8221;][vc_single_image image=&#8221;237&#8243; img_size=&#8221;full&#8221; qode_css_animation=&#8221;&#8221;][\/vc_column][vc_column width=&#8221;1\/2&#8243;][qode_elements_holder number_of_columns=&#8221;one_column&#8221;][qode_elements_holder_item advanced_animations=&#8221;no&#8221; item_padding=&#8221;50px 10% 0px 0px&#8221; item_padding_1024_1280=&#8221;35px 4% 0px 0px&#8221;][vc_column_text]<\/p>\n<h1 style=\"text-align: left;\">Lorenzo<\/h1>\n<p>[\/vc_column_text][vc_empty_space height=&#8221;10px&#8221;][vc_column_text]<\/p>\n<p style=\"text-align: left;\">Ogni definizione \u00e8 superficiale: esperienza, curiosit\u00e0, professionalit\u00e0 fanno di lui il Barbiere di Qualit\u00e0.<\/p>\n<p>[\/vc_column_text][vc_empty_space height=&#8221;28px&#8221;]<span class='q_social_icon_holder circle_social' data-color=#a6a5a5 data-hover-background-color=#ca9b5c data-hover-border-color=#c59a57 data-hover-color=#ffffff><a itemprop='url' href='https:\/\/www.facebook.com\/cashonor' target='_blank'><span class='fa-stack ' style='background-color: #ffffff;border-color: #c59a57;border-width: 2px;font-size: 21px;'><i class=\"qode_icon_font_awesome fa fa-facebook \" style=\"color: #a6a5a5;font-size: 17px;\" ><\/i><\/span><\/a><\/span>[\/qode_elements_holder_item][\/qode_elements_holder][\/vc_column][\/vc_row][vc_row css_animation=&#8221;&#8221; row_type=&#8221;row&#8221; use_row_as_full_screen_section=&#8221;no&#8221; type=&#8221;grid&#8221; angled_section=&#8221;no&#8221; text_align=&#8221;left&#8221; background_image_as_pattern=&#8221;without_pattern&#8221; z_index=&#8221;&#8221; css=&#8221;.vc_custom_1519920169399{padding-top: 115px !important;padding-bottom: 115px !important;}&#8221;][vc_column width=&#8221;1\/2&#8243;][qode_elements_holder number_of_columns=&#8221;one_column&#8221;][qode_elements_holder_item advanced_animations=&#8221;no&#8221; item_padding=&#8221;50px 10% 0px 0px&#8221; item_padding_1024_1280=&#8221;35px 4% 0px 0px&#8221;][vc_column_text]<\/p>\n<h1 style=\"text-align: left;\">Cristiano<\/h1>\n<p>[\/vc_column_text][vc_empty_space height=&#8221;10px&#8221;][vc_column_text]<\/p>\n<p style=\"text-align: left;\">Per Cristiano le barbe non hanno segreti, modella e definisce con eleganza ed uno stile ricercato senza eguali.<\/p>\n<p>[\/vc_column_text][vc_empty_space height=&#8221;28px&#8221;]<span class='q_social_icon_holder circle_social' data-color=#a6a5a5 data-hover-background-color=#ca9b5c data-hover-border-color=#c59a57 data-hover-color=#ffffff><a itemprop='url' href='https:\/\/www.facebook.com\/cristiano.pizzimenti' target='_blank'><span class='fa-stack ' style='background-color: #ffffff;border-color: #c59a57;border-width: 2px;font-size: 21px;'><i class=\"qode_icon_font_awesome fa fa-facebook \" style=\"color: #a6a5a5;font-size: 17px;\" ><\/i><\/span><\/a><\/span>[\/qode_elements_holder_item][\/qode_elements_holder][\/vc_column][vc_column width=&#8221;1\/2&#8243; css=&#8221;.vc_custom_1519920220059{padding-right: 8% !important;}&#8221;][vc_single_image image=&#8221;238&#8243; img_size=&#8221;full&#8221; qode_css_animation=&#8221;&#8221;][\/vc_column][\/vc_row]<\/p>\n","protected":false},"excerpt":{"rendered":"<p>[vc_row css_animation=&#8221;&#8221; row_type=&#8221;row&#8221; use_row_as_full_screen_section=&#8221;no&#8221; type=&#8221;grid&#8221; angled_section=&#8221;no&#8221; text_align=&#8221;left&#8221; background_image_as_pattern=&#8221;without_pattern&#8221; z_index=&#8221;&#8221; css=&#8221;.vc_custom_1519920169399{padding-top: 115px !important;padding-bottom: 115px !important;}&#8221;][vc_column width=&#8221;1\/2&#8243; css=&#8221;.vc_custom_1519920220059{padding-right: 8% !important;}&#8221;][vc_single_image image=&#8221;237&#8243; img_size=&#8221;full&#8221; qode_css_animation=&#8221;&#8221;][\/vc_column][vc_column width=&#8221;1\/2&#8243;][qode_elements_holder number_of_columns=&#8221;one_column&#8221;][qode_elements_holder_item advanced_animations=&#8221;no&#8221; item_padding=&#8221;50px 10% 0px 0px&#8221; item_padding_1024_1280=&#8221;35px 4% 0px 0px&#8221;][vc_column_text] Lorenzo [\/vc_column_text][vc_empty_space height=&#8221;10px&#8221;][vc_column_text] Ogni definizione \u00e8 superficiale: esperienza, curiosit\u00e0, professionalit\u00e0 fanno di lui&#8230;<\/p>\n","protected":false},"author":1,"featured_media":0,"parent":0,"menu_order":0,"comment_status":"closed","ping_status":"closed","template":"full_width.php","meta":{"footnotes":""},"class_list":["post-109","page","type-page","status-publish","hentry"],"_links":{"self":[{"href":"https:\/\/hairgearclub.com\/2022\/wp-json\/wp\/v2\/pages\/109","targetHints":{"allow":["GET"]}}],"collection":[{"href":"https:\/\/hairgearclub.com\/2022\/wp-json\/wp\/v2\/pages"}],"about":[{"href":"https:\/\/hairgearclub.com\/2022\/wp-json\/wp\/v2\/types\/page"}],"author":[{"embeddable":true,"href":"https:\/\/hairgearclub.com\/2022\/wp-json\/wp\/v2\/users\/1"}],"replies":[{"embeddable":true,"href":"https:\/\/hairgearclub.com\/2022\/wp-json\/wp\/v2\/comments?post=109"}],"version-history":[{"count":2,"href":"https:\/\/hairgearclub.com\/2022\/wp-json\/wp\/v2\/pages\/109\/revisions"}],"predecessor-version":[{"id":245,"href":"https:\/\/hairgearclub.com\/2022\/wp-json\/wp\/v2\/pages\/109\/revisions\/245"}],"wp:attachment":[{"href":"https:\/\/hairgearclub.com\/2022\/wp-json\/wp\/v2\/media?parent=109"}],"curies":[{"name":"wp","href":"https:\/\/api.w.org\/{rel}","templated":true}]}}